{"id":9,"date":"2024-02-06T19:00:18","date_gmt":"2024-02-06T19:00:18","guid":{"rendered":"https:\/\/guiadetalentos.es\/?page_id=9"},"modified":"2026-01-04T17:05:41","modified_gmt":"2026-01-04T17:05:41","slug":"guia-de-talentos","status":"publish","type":"page","link":"https:\/\/guiadetalentos.es\/","title":{"rendered":"GU\u00cdA DE TALENTOS"},"content":{"rendered":"\n<hr class=\"wp-block-separator has-text-color has-alpha-channel-opacity has-background is-style-wide\" style=\"background-color:#e38b8b;color:#e38b8b\"\/>\n\n\n\n<p class=\"has-text-align-center has-text-color has-link-color wp-elements-de824c8602c65693679c294ebc9781f4\" style=\"color:#47d1c0;font-size:23px;letter-spacing:0px\">\u00bfConoces todos tus <mark style=\"background-color:rgba(0, 0, 0, 0);color:#47d1c0\" class=\"has-inline-color\">dones y talentos<\/mark>?<\/p>\n\n\n\n<p class=\"has-text-align-center has-text-color has-link-color wp-elements-1c94780163ac2084572c17d5049fd086\" style=\"color:#47d1c0;font-size:23px;letter-spacing:0px\">\u00bfTe gustar\u00eda vivir a partir de lo que m\u00e1s brilla en ti?<\/p>\n\n\n\n<figure class=\"wp-block-embed is-type-video is-provider-youtube wp-block-embed-youtube wp-embed-aspect-16-9 wp-has-aspect-ratio\"><div class=\"wp-block-embed__wrapper\">\n<div class=\"jetpack-video-wrapper\"><iframe loading=\"lazy\" title=\"Acompa\u00f1amiento respetuoso en la exploraci\u00f3n de tus Dones y Talentos\" width=\"685\" height=\"385\" src=\"https:\/\/www.youtube.com\/embed\/Qg8ZVBQ4U10?feature=oembed\" frameborder=\"0\" allow=\"accelerometer; autoplay; clipboard-write; encrypted-media; gyroscope; picture-in-picture; web-share\" referrerpolicy=\"strict-origin-when-cross-origin\" allowfullscreen><\/iframe><\/div>\n<\/div><\/figure>\n\n\n\n<hr class=\"wp-block-separator has-text-color has-alpha-channel-opacity has-background is-style-wide\" style=\"background-color:#e38b8b;color:#e38b8b\"\/>\n\n\n\n<h4 class=\"wp-block-heading has-text-align-center has-text-color has-link-color wp-elements-00f67c02e9ebe6bc41a269fd3760e043\" style=\"color:#47d1c0\">Nuestro trabajo juntos<\/h4>\n\n\n\n<div class=\"wp-block-jetpack-slideshow aligncenter\" data-autoplay=\"true\" data-delay=\"5\" data-effect=\"slide\"><div class=\"wp-block-jetpack-slideshow_container swiper-container\"><ul class=\"wp-block-jetpack-slideshow_swiper-wrapper swiper-wrapper\"><li class=\"wp-block-jetpack-slideshow_slide swiper-slide\"><figure><img loading=\"lazy\" decoding=\"async\" width=\"426\" height=\"936\" alt=\"\" class=\"wp-block-jetpack-slideshow_image wp-image-727\" data-id=\"727\" src=\"https:\/\/guiadetalentos.es\/wp-content\/uploads\/2025\/12\/1a.png\" srcset=\"https:\/\/guiadetalentos.es\/wp-content\/uploads\/2025\/12\/1a.png 426w, https:\/\/guiadetalentos.es\/wp-content\/uploads\/2025\/12\/1a-137x300.png 137w\" sizes=\"auto, (max-width: 426px) 100vw, 426px\" \/><\/figure><\/li><li class=\"wp-block-jetpack-slideshow_slide swiper-slide\"><figure><img loading=\"lazy\" decoding=\"async\" width=\"434\" height=\"936\" alt=\"\" class=\"wp-block-jetpack-slideshow_image wp-image-728\" data-id=\"728\" src=\"https:\/\/guiadetalentos.es\/wp-content\/uploads\/2025\/12\/1b.png\" srcset=\"https:\/\/guiadetalentos.es\/wp-content\/uploads\/2025\/12\/1b.png 434w, https:\/\/guiadetalentos.es\/wp-content\/uploads\/2025\/12\/1b-139x300.png 139w\" sizes=\"auto, (max-width: 434px) 100vw, 434px\" \/><\/figure><\/li><li class=\"wp-block-jetpack-slideshow_slide swiper-slide\"><figure><img loading=\"lazy\" decoding=\"async\" width=\"420\" height=\"936\" alt=\"\" class=\"wp-block-jetpack-slideshow_image wp-image-729\" data-id=\"729\" src=\"https:\/\/guiadetalentos.es\/wp-content\/uploads\/2025\/12\/1c.png\" srcset=\"https:\/\/guiadetalentos.es\/wp-content\/uploads\/2025\/12\/1c.png 420w, https:\/\/guiadetalentos.es\/wp-content\/uploads\/2025\/12\/1c-135x300.png 135w\" sizes=\"auto, (max-width: 420px) 100vw, 420px\" \/><\/figure><\/li><li class=\"wp-block-jetpack-slideshow_slide swiper-slide\"><figure><img loading=\"lazy\" decoding=\"async\" width=\"426\" height=\"934\" alt=\"\" class=\"wp-block-jetpack-slideshow_image wp-image-732\" data-id=\"732\" src=\"https:\/\/guiadetalentos.es\/wp-content\/uploads\/2025\/12\/1d.png\" srcset=\"https:\/\/guiadetalentos.es\/wp-content\/uploads\/2025\/12\/1d.png 426w, https:\/\/guiadetalentos.es\/wp-content\/uploads\/2025\/12\/1d-137x300.png 137w\" sizes=\"auto, (max-width: 426px) 100vw, 426px\" \/><\/figure><\/li><\/ul><a class=\"wp-block-jetpack-slideshow_button-prev swiper-button-prev swiper-button-white\" role=\"button\"><\/a><a class=\"wp-block-jetpack-slideshow_button-next swiper-button-next swiper-button-white\" role=\"button\"><\/a><a aria-label=\"Pause Slideshow\" class=\"wp-block-jetpack-slideshow_button-pause\" role=\"button\"><\/a><div class=\"wp-block-jetpack-slideshow_pagination swiper-pagination swiper-pagination-white\"><\/div><\/div><\/div>\n\n\n\n<p class=\"has-black-color has-text-color has-link-color wp-elements-9fc8d9c72c32e7a2f96e93a3572abc9a\" style=\"font-size:18px\">Mi nombre es David L\u00e1zaro P\u00e9rez y este trabajo que hoy comparto contigo forma parte de un camino vivido y sentido, orientado a que m\u00e1s personas puedan reconectar con sus dones y talentos y ponerlos al servicio de la vida.<\/p>\n\n\n\n<p class=\"has-black-color has-text-color has-link-color wp-elements-536235412e54ed9f8f042fa21f8286d6\" style=\"font-size:18px\">Esta visi\u00f3n se expresa tambi\u00e9n a trav\u00e9s de la Asociaci\u00f3n Natural de Talentos y se despliega en proyectos como la <a href=\"https:\/\/asociacionnaturaldetalentos.org\/escuela\/\" target=\"_blank\" rel=\"noreferrer noopener\">Escuela Natural de Talentos<\/a> y las <a href=\"http:\/\/www.cartasdetalentos.es\">Cartas de Talentos<\/a>. Si deseas saber m\u00e1s sobre mi recorrido, puedes encontrarme en LinkedIn: <a href=\"https:\/\/www.linkedin.com\/in\/davidl%C3%A1zarop%C3%A9rez\/\" target=\"_blank\" rel=\"noreferrer noopener\">davidlazaroperez<\/a><\/p>\n\n\n\n<div class=\"wp-block-columns is-layout-flex wp-container-core-columns-is-layout-9d6595d7 wp-block-columns-is-layout-flex\">\n<div class=\"wp-block-column is-layout-flow wp-block-column-is-layout-flow\"><div class=\"wp-block-image is-style-rounded\">\n<figure class=\"aligncenter size-full\"><img loading=\"lazy\" decoding=\"async\" width=\"769\" height=\"615\" src=\"https:\/\/guiadetalentos.es\/wp-content\/uploads\/2026\/01\/asociacion-david-5_4.jpeg\" alt=\"\" class=\"wp-image-753\" style=\"aspect-ratio:4\/3;object-fit:cover\" srcset=\"https:\/\/guiadetalentos.es\/wp-content\/uploads\/2026\/01\/asociacion-david-5_4.jpeg 769w, https:\/\/guiadetalentos.es\/wp-content\/uploads\/2026\/01\/asociacion-david-5_4-300x240.jpeg 300w, https:\/\/guiadetalentos.es\/wp-content\/uploads\/2026\/01\/asociacion-david-5_4-685x548.jpeg 685w\" sizes=\"auto, (max-width: 769px) 100vw, 769px\" \/><\/figure>\n<\/div><\/div>\n<\/div>\n\n\n\n<p class=\"has-text-align-center has-text-color has-background has-link-color wp-elements-23e3e445469cfaa0accb2715e7178c6f\" style=\"color:#323232;background-color:#d16c6c;font-size:17px\"><strong>Contacto: David +34678357109 <strong>Whatsapp<sub><sup><mark style=\"background-color:rgba(0, 0, 0, 0)\" class=\"has-inline-color has-black-color\"><\/mark><\/sup><\/sub><\/strong><a href=\"https:\/\/api.whatsapp.com\/send\/?phone=%2B34678357109&amp;text&amp;type=phone_number&amp;app_absent=0\" target=\"_blank\" rel=\"noreferrer noopener\"><sub><sup><mark style=\"background-color:rgba(0, 0, 0, 0)\" class=\"has-inline-color has-black-color\">(link aqu\u00ed)<\/mark><\/sup><\/sub><\/a><strong><mark style=\"background-color:rgba(0, 0, 0, 0)\" class=\"has-inline-color has-white-color\"><\/mark>y Telegram<\/strong><\/strong>. <strong>davidlazaro123@yahoo.es<\/strong> <strong>(English spoken. <strong>Falo portugu\u00eas<\/strong>)<\/strong><\/p>\n\n\n\n<hr class=\"wp-block-separator has-text-color has-alpha-channel-opacity has-background is-style-wide\" style=\"background-color:#e38b8b;color:#e38b8b\"\/>\n\n\n\n<h4 class=\"wp-block-heading has-text-align-center has-text-color has-link-color wp-elements-7bc1735f0799f05ffd777bbed8df9fc9\" style=\"color:#47d1c0\">\u00bfQu\u00e9 te aporta el servicio Gu\u00eda de Talentos?<\/h4>\n\n\n\n<div class=\"wp-block-media-text is-stacked-on-mobile\" style=\"grid-template-columns:36% auto\"><figure class=\"wp-block-media-text__media\"><img loading=\"lazy\" decoding=\"async\" width=\"1024\" height=\"793\" src=\"https:\/\/guiadetalentos.es\/wp-content\/uploads\/2024\/06\/foto4-1024x793.png\" alt=\"\" class=\"wp-image-559 size-full\" srcset=\"https:\/\/guiadetalentos.es\/wp-content\/uploads\/2024\/06\/foto4-1024x793.png 1024w, https:\/\/guiadetalentos.es\/wp-content\/uploads\/2024\/06\/foto4-300x232.png 300w, https:\/\/guiadetalentos.es\/wp-content\/uploads\/2024\/06\/foto4-768x595.png 768w, https:\/\/guiadetalentos.es\/wp-content\/uploads\/2024\/06\/foto4-1536x1190.png 1536w, https:\/\/guiadetalentos.es\/wp-content\/uploads\/2024\/06\/foto4-685x531.png 685w, https:\/\/guiadetalentos.es\/wp-content\/uploads\/2024\/06\/foto4.png 1614w\" sizes=\"auto, (max-width: 1024px) 100vw, 1024px\" \/><\/figure><div class=\"wp-block-media-text__content\">\n<p class=\"has-black-color has-text-color has-link-color wp-elements-2be3258f78d632b05e20005d2a0afaeb\" style=\"font-size:18px\">\ud83c\udf1e Conocer tus dones y talentos para llevarlos al siguiente nivel.<\/p>\n\n\n\n<p class=\"has-black-color has-text-color has-link-color wp-elements-7a4e3301d03d0af2a0e6865a7f489795\" style=\"font-size:18px\">\ud83c\udf1e Una mirada clara sobre aspectos fundamentales de ti mismo.<\/p>\n\n\n\n<p class=\"has-black-color has-text-color has-link-color wp-elements-80bf5420e30b18690d18a259f53f9522\" style=\"font-size:18px\">\ud83c\udf1e Un estudio personalizado por escrito, donde poder profundizar en los detalles de tus dones y talentos.<\/p>\n\n\n\n<p class=\"has-black-color has-text-color has-link-color wp-elements-06b9735cbb6b8f4c7d91878de2cbaa9d\" style=\"font-size:18px\">\ud83c\udf1e Una mirada compartida para reconocer tus obst\u00e1culos y las claves para superarlos.<\/p>\n<\/div><\/div>\n\n\n\n<h4 class=\"wp-block-heading has-text-align-center has-text-color has-link-color wp-elements-a509ce4a9cd366f0d7e31b6e47e3b78d\" style=\"color:#47d1c0\">\u00bfC\u00f3mo es tu aportaci\u00f3n?<\/h4>\n\n\n\n<p class=\"has-black-color has-text-color has-link-color wp-elements-f07cf9e809fe0b9b7cdcc0c9dc9f159c\" style=\"font-size:18px\">Econ\u00f3micamente, el precio del servicio completo son 140 euros.<\/p>\n\n\n\n<p class=\"has-black-color has-text-color has-link-color wp-elements-0a4039baaa40946607ae403ec82c3a21\" style=\"font-size:18px\">En cuanto al tiempo, te tomar\u00e1 en total 3 horas, entre sesi\u00f3n, lectura y pr\u00e1cticas en casa.<\/p>\n\n\n\n<h4 class=\"wp-block-heading has-text-align-center has-text-color has-link-color wp-elements-17037ed507a83b3fb8b03d9b18af9bfb\" style=\"color:#47d1c0\">\u00bfPara quienes es este servicio?<\/h4>\n\n\n\n<p class=\"has-black-color has-text-color has-link-color wp-elements-9315d5793a36dd4e8b3d6b40ebee19df\" style=\"font-size:18px\">Para cualquier persona mayor de 16 a\u00f1os que quiera profundizar en sus dones y talentos.<\/p>\n\n\n\n<hr class=\"wp-block-separator has-text-color has-alpha-channel-opacity has-background is-style-wide\" style=\"background-color:#e38b8b;color:#e38b8b\"\/>\n\n\n\n<h4 class=\"wp-block-heading has-text-align-center has-text-color has-link-color wp-elements-47731b00e393d0598102a9cd73d6e428\" style=\"color:#47d1c0\">Simpleza y profundidad, las claves<\/h4>\n\n\n\n<p class=\"has-black-color has-text-color has-link-color wp-elements-524b3d008be7cb0a4f71ff31a631d164\" style=\"font-size:18px\">Los colores son la clave mel\u00f3dica que proporciona esta herramienta. Un enfoque sencillo y a la vez preciso que trae los elementos profundos del ser humano a la realidad m\u00e1s tangible, viendo con claridad los potenciales m\u00e1s destacados que emanan de nuestro interior.<\/p>\n\n\n\n<p class=\"has-black-color has-text-color has-link-color wp-elements-457271e2565a7b43ad97a3a6e26f2096\" style=\"font-size:18px\">Las metodolog\u00edas utilizadas incluyen la comunicaci\u00f3n con los Registros Ak\u00e1shicos, la visualizaci\u00f3n creativa y procesos de indagaci\u00f3n profunda, orientados a un mayor autoconocimiento y a la plena expresi\u00f3n de tus dones y talentos.<\/p>\n\n\n\n<figure class=\"wp-block-embed aligncenter is-type-video is-provider-youtube wp-block-embed-youtube wp-embed-aspect-4-3 wp-has-aspect-ratio\"><div class=\"wp-block-embed__wrapper\">\n<iframe loading=\"lazy\" title=\"Conoce tu Estudio Personalizado de Dones y Talentos\" width=\"685\" height=\"514\" src=\"https:\/\/www.youtube.com\/embed\/FB02gs4CKPE?feature=oembed\" frameborder=\"0\" allow=\"accelerometer; autoplay; clipboard-write; encrypted-media; gyroscope; picture-in-picture; web-share\" referrerpolicy=\"strict-origin-when-cross-origin\" allowfullscreen><\/iframe>\n<\/div><\/figure>\n\n\n\n<div class=\"wp-block-buttons is-content-justification-center is-layout-flex wp-container-core-buttons-is-layout-16018d1d wp-block-buttons-is-layout-flex\">\n<div class=\"wp-block-button has-custom-width wp-block-button__width-100 is-style-outline is-style-outline--1\"><a class=\"wp-block-button__link has-text-color has-background has-link-color has-custom-font-size wp-element-button\" href=\"https:\/\/guiadetalentos.es\/wp-content\/uploads\/2024\/07\/1.-Estudio-personalizado-de-Dones-y-Talentos-1.pdf\" style=\"border-radius:17px;color:#d16c6c;background-color:#f2f2f2;font-size:17px\"><mark style=\"background-color:#d16c6c\" class=\"has-inline-color\">\ud83d\udc46Descarga Ejemplo de Estudio Personalizado Aqu\u00ed (PDF)<\/mark><\/a><\/div>\n<\/div>\n\n\n\n<h4 class=\"wp-block-heading has-text-align-center has-text-color has-link-color wp-elements-4326daa046fa339398bd64011fed36b6\" style=\"color:#47d1c0\">Pedagog\u00eda de los dones y talentos<\/h4>\n\n\n\n<p class=\"has-black-color has-text-color has-link-color wp-elements-89c9d7df6a88ad20bef07fc22e86a99e\" style=\"font-size:18px\"><strong>Don, del lat\u00edn Donum<\/strong>: Gracia especial o habilidad para hacer algo. Presente, regalo o bien natural.<\/p>\n\n\n\n<p class=\"has-black-color has-text-color has-link-color wp-elements-3bafad9c528c3613a0c8ff01445c8ab3\" style=\"font-size:18px\"><strong>Talento, del lat\u00edn Talentum:<\/strong> Aptitud, capacidad para el desempe\u00f1o de algo. Inteligencia, capacidad de entender.<\/p>\n\n\n\n<p class=\"has-black-color has-text-color has-link-color wp-elements-2791fb43c3eaa8815c28064f5547e6b4\" style=\"font-size:18px\">Recordemos la etimolog\u00eda de la palabra <strong>educar <\/strong>que proviene del verbo latino <strong>educare<\/strong>, el cual hace referencia a \u201ccolaborar para sacar del otro lo mejor de uno mismo\u201d.<\/p>\n\n\n\n<p class=\"has-black-color has-text-color has-link-color wp-elements-c036eb58ae47fce89a27ee89e34511c3\" style=\"font-size:18px\">Acompa\u00f1ar a cada persona mientras descubre, cultiva y comparte sus dones y talentos es, <strong>en esencia<\/strong>, la base esencial de una verdadera educaci\u00f3n.<\/p>\n\n\n\n<h4 class=\"wp-block-heading has-text-align-center has-text-color has-link-color wp-elements-4fca37008ff46b7058b4ee1e1a3fcadd\" style=\"color:#47d1c0\">DAVID ES COFUNDADOR DE LA ASOCIACI\u00d3N NATURAL DE TALENTOS\ud83c\udf0d<\/h4>\n\n\n\n<p class=\"has-text-align-left has-black-color has-text-color has-link-color wp-elements-c8c9393028f3dd56d6652cc2e26d5f66\" style=\"font-size:18px\">La asociaci\u00f3n natural de talentos es un mecanismo de interacci\u00f3n social creado para que m\u00e1s personas puedan conocer sus dones y talentos y desarrollarlos hasta su m\u00e1ximo potencial. <a href=\"http:\/\/www.asociacionnaturaldetalentos.org\" target=\"_blank\" rel=\"noreferrer noopener\">Mas aqu\u00ed<\/a><\/p>\n","protected":false},"excerpt":{"rendered":"<p>\u00bfConoces todos tus dones y talentos? \u00bfTe gustar\u00eda vivir a partir de lo que m\u00e1s brilla en ti? Nuestro trabajo juntos Mi nombre es David L\u00e1zaro P\u00e9rez y este trabajo que hoy comparto contigo forma parte de un camino vivido y sentido, orientado a que m\u00e1s personas puedan reconectar con sus dones y talentos y &hellip; <a href=\"https:\/\/guiadetalentos.es\/\" class=\"more-link\">Seguir leyendo <span class=\"screen-reader-text\">GU\u00cdA DE TALENTOS<\/span><\/a><\/p>\n","protected":false},"author":1,"featured_media":0,"parent":0,"menu_order":0,"comment_status":"closed","ping_status":"closed","template":"templates\/full-width-page.php","meta":{"footnotes":""},"class_list":["post-9","page","type-page","status-publish","hentry"],"jetpack_sharing_enabled":true,"_links":{"self":[{"href":"https:\/\/guiadetalentos.es\/index.php?rest_route=\/wp\/v2\/pages\/9","targetHints":{"allow":["GET"]}}],"collection":[{"href":"https:\/\/guiadetalentos.es\/index.php?rest_route=\/wp\/v2\/pages"}],"about":[{"href":"https:\/\/guiadetalentos.es\/index.php?rest_route=\/wp\/v2\/types\/page"}],"author":[{"embeddable":true,"href":"https:\/\/guiadetalentos.es\/index.php?rest_route=\/wp\/v2\/users\/1"}],"replies":[{"embeddable":true,"href":"https:\/\/guiadetalentos.es\/index.php?rest_route=%2Fwp%2Fv2%2Fcomments&post=9"}],"version-history":[{"count":460,"href":"https:\/\/guiadetalentos.es\/index.php?rest_route=\/wp\/v2\/pages\/9\/revisions"}],"predecessor-version":[{"id":763,"href":"https:\/\/guiadetalentos.es\/index.php?rest_route=\/wp\/v2\/pages\/9\/revisions\/763"}],"wp:attachment":[{"href":"https:\/\/guiadetalentos.es\/index.php?rest_route=%2Fwp%2Fv2%2Fmedia&parent=9"}],"curies":[{"name":"wp","href":"https:\/\/api.w.org\/{rel}","templated":true}]}}